{"id":19540,"date":"2025-01-27T00:59:58","date_gmt":"2025-01-26T23:59:58","guid":{"rendered":"https:\/\/fenekrally.com\/etapas-del-fenekrally\/"},"modified":"2025-12-08T22:27:51","modified_gmt":"2025-12-08T21:27:51","slug":"estapas-de-la-fenekrally","status":"publish","type":"page","link":"https:\/\/fenekrally.com\/es\/estapas-de-la-fenekrally\/","title":{"rendered":"Etapas del FenekRally"},"content":{"rendered":"\t\t<div data-elementor-type=\"wp-page\" data-elementor-id=\"19540\" class=\"elementor elementor-19540 elementor-15415\" data-elementor-post-type=\"page\">\n\t\t\t\t<div class=\"elementor-element elementor-element-cd68506 e-con-full e-flex e-con e-parent\" data-id=\"cd68506\" data-element_type=\"container\" data-e-type=\"container\" data-settings=\"{&quot;background_background&quot;:&quot;classic&quot;}\">\n\t\t<div class=\"elementor-element elementor-element-c20fab2 e-flex e-con-boxed e-con e-child\" data-id=\"c20fab2\" data-element_type=\"container\" data-e-type=\"container\" data-settings=\"{&quot;background_background&quot;:&quot;classic&quot;}\">\n\t\t\t\t\t<div class=\"e-con-inner\">\n\t\t<div class=\"elementor-element elementor-element-487a7c8 e-con-full e-flex e-con e-child\" data-id=\"487a7c8\" data-element_type=\"container\" data-e-type=\"container\">\n\t\t\t\t<div class=\"elementor-element elementor-element-ac82fdf elementor-widget elementor-widget-heading\" data-id=\"ac82fdf\" data-element_type=\"widget\" data-e-type=\"widget\" data-widget_type=\"heading.default\">\n\t\t\t\t<div class=\"elementor-widget-container\">\n\t\t\t\t\t<h1 class=\"elementor-heading-title elementor-size-default\">Etapas del FenekRally \n<\/h1>\t\t\t\t<\/div>\n\t\t\t\t<\/div>\n\t\t\t\t<div class=\"elementor-element elementor-element-f720a97 elementor-widget-mobile__width-inherit elementor-widget elementor-widget-text-editor\" data-id=\"f720a97\" data-element_type=\"widget\" data-e-type=\"widget\" data-widget_type=\"text-editor.default\">\n\t\t\t\t<div class=\"elementor-widget-container\">\n\t\t\t\t\t\t\t\t\t<p>Seis etapas circulares o semicirculares que componen esta edici\u00f3n tienen entre 50 y 340 kil\u00f3metros, intercaladas con secciones r\u00e1pidas y otras m\u00e1s t\u00e9cnicas.<\/p>\t\t\t\t\t\t\t\t<\/div>\n\t\t\t\t<\/div>\n\t\t\t\t<\/div>\n\t\t\t\t\t<\/div>\n\t\t\t\t<\/div>\n\t\t\t\t<\/div>\n\t\t<div class=\"elementor-element elementor-element-4a46ef5 e-flex e-con-boxed e-con e-parent\" data-id=\"4a46ef5\" data-element_type=\"container\" data-e-type=\"container\">\n\t\t\t\t\t<div class=\"e-con-inner\">\n\t\t<div class=\"elementor-element elementor-element-063e574 e-con-full e-flex e-con e-child\" data-id=\"063e574\" data-element_type=\"container\" data-e-type=\"container\">\n\t\t<div class=\"elementor-element elementor-element-b840917 e-con-full e-flex elementor-invisible e-con e-child\" data-id=\"b840917\" data-element_type=\"container\" data-e-type=\"container\" data-settings=\"{&quot;animation&quot;:&quot;fadeInLeft&quot;,&quot;animation_delay&quot;:200}\">\n\t\t<div class=\"elementor-element elementor-element-cccc4aa e-con-full e-flex e-con e-child\" data-id=\"cccc4aa\" data-element_type=\"container\" data-e-type=\"container\" data-settings=\"{&quot;background_background&quot;:&quot;classic&quot;}\">\n\t\t<div class=\"elementor-element elementor-element-6acef3e e-con-full e-flex e-con e-child\" data-id=\"6acef3e\" data-element_type=\"container\" data-e-type=\"container\">\n\t\t<div class=\"elementor-element elementor-element-455579c e-con-full e-flex e-con e-child\" data-id=\"455579c\" data-element_type=\"container\" data-e-type=\"container\">\n\t\t\t\t<div class=\"elementor-element elementor-element-c5f84bd elementor-widget elementor-widget-heading\" data-id=\"c5f84bd\" data-element_type=\"widget\" data-e-type=\"widget\" data-widget_type=\"heading.default\">\n\t\t\t\t<div class=\"elementor-widget-container\">\n\t\t\t\t\t<h2 class=\"elementor-heading-title elementor-size-default\">Datos de la carrera de rally raid<\/h2>\t\t\t\t<\/div>\n\t\t\t\t<\/div>\n\t\t\t\t<\/div>\n\t\t<div class=\"elementor-element elementor-element-6bbb23d e-con-full e-flex e-con e-child\" data-id=\"6bbb23d\" data-element_type=\"container\" data-e-type=\"container\">\n\t\t\t\t<div class=\"elementor-element elementor-element-f94292a elementor-mobile-align-center elementor-align-justify elementor-widget__width-inherit elementor-widget elementor-widget-button\" data-id=\"f94292a\" data-element_type=\"widget\" data-e-type=\"widget\" data-widget_type=\"button.default\">\n\t\t\t\t<div class=\"elementor-widget-container\">\n\t\t\t\t\t\t\t\t\t<div class=\"elementor-button-wrapper\">\n\t\t\t\t\t<a class=\"elementor-button elementor-button-link elementor-size-sm elementor-animation-shrink\" href=\"https:\/\/fenekrally.com\/es\/competidores-2026\/fenekrally-original\/\">\n\t\t\t\t\t\t<span class=\"elementor-button-content-wrapper\">\n\t\t\t\t\t\t\t\t\t<span class=\"elementor-button-text\">Edici\u00f3n Original<\/span>\n\t\t\t\t\t<\/span>\n\t\t\t\t\t<\/a>\n\t\t\t\t<\/div>\n\t\t\t\t\t\t\t\t<\/div>\n\t\t\t\t<\/div>\n\t\t\t\t<div class=\"elementor-element elementor-element-ef3d58f elementor-mobile-align-center elementor-align-justify elementor-widget__width-inherit elementor-widget elementor-widget-button\" data-id=\"ef3d58f\" data-element_type=\"widget\" data-e-type=\"widget\" data-widget_type=\"button.default\">\n\t\t\t\t<div class=\"elementor-widget-container\">\n\t\t\t\t\t\t\t\t\t<div class=\"elementor-button-wrapper\">\n\t\t\t\t\t<a class=\"elementor-button elementor-button-link elementor-size-sm elementor-animation-shrink\" href=\"https:\/\/fenekrally.com\/es\/competidores-2026\/fenekrally-spring\/\">\n\t\t\t\t\t\t<span class=\"elementor-button-content-wrapper\">\n\t\t\t\t\t\t\t\t\t<span class=\"elementor-button-text\">Edici\u00f3n de Spring<\/span>\n\t\t\t\t\t<\/span>\n\t\t\t\t\t<\/a>\n\t\t\t\t<\/div>\n\t\t\t\t\t\t\t\t<\/div>\n\t\t\t\t<\/div>\n\t\t\t\t<\/div>\n\t\t\t\t<\/div>\n\t\t\t\t<\/div>\n\t\t<div class=\"elementor-element elementor-element-e0d05fd e-con-full e-flex e-con e-child\" data-id=\"e0d05fd\" data-element_type=\"container\" data-e-type=\"container\" data-settings=\"{&quot;background_background&quot;:&quot;classic&quot;}\">\n\t\t<div class=\"elementor-element elementor-element-9b62ac5 e-con-full e-flex e-con e-child\" data-id=\"9b62ac5\" data-element_type=\"container\" data-e-type=\"container\">\n\t\t<div class=\"elementor-element elementor-element-5830b64 e-con-full e-flex e-con e-child\" data-id=\"5830b64\" data-element_type=\"container\" data-e-type=\"container\">\n\t\t\t\t<div class=\"elementor-element elementor-element-376221e elementor-widget elementor-widget-heading\" data-id=\"376221e\" data-element_type=\"widget\" data-e-type=\"widget\" data-widget_type=\"heading.default\">\n\t\t\t\t<div class=\"elementor-widget-container\">\n\t\t\t\t\t<h2 class=\"elementor-heading-title elementor-size-default\">Para expertos y principiantes<\/h2>\t\t\t\t<\/div>\n\t\t\t\t<\/div>\n\t\t\t\t<\/div>\n\t\t<div class=\"elementor-element elementor-element-374104b e-con-full e-flex e-con e-child\" data-id=\"374104b\" data-element_type=\"container\" data-e-type=\"container\">\n\t\t\t\t<div class=\"elementor-element elementor-element-138f2a2 elementor-mobile-align-center elementor-widget elementor-widget-button\" data-id=\"138f2a2\" data-element_type=\"widget\" data-e-type=\"widget\" data-widget_type=\"button.default\">\n\t\t\t\t<div class=\"elementor-widget-container\">\n\t\t\t\t\t\t\t\t\t<div class=\"elementor-button-wrapper\">\n\t\t\t\t\t<a class=\"elementor-button elementor-button-link elementor-size-sm elementor-animation-shrink\" href=\"https:\/\/fenekrally.com\/es\/inscribete-en-el-rally-raid-marruecos\/\">\n\t\t\t\t\t\t<span class=\"elementor-button-content-wrapper\">\n\t\t\t\t\t\t\t\t\t<span class=\"elementor-button-text\">INSCRIPCI\u00d3N<\/span>\n\t\t\t\t\t<\/span>\n\t\t\t\t\t<\/a>\n\t\t\t\t<\/div>\n\t\t\t\t\t\t\t\t<\/div>\n\t\t\t\t<\/div>\n\t\t\t\t<\/div>\n\t\t\t\t<\/div>\n\t\t\t\t<\/div>\n\t\t\t\t<\/div>\n\t\t<div class=\"elementor-element elementor-element-0cd1608 e-con-full e-flex e-con e-child\" data-id=\"0cd1608\" data-element_type=\"container\" data-e-type=\"container\">\n\t\t\t\t<div class=\"elementor-element elementor-element-5a8a2ca elementor-widget elementor-widget-heading\" data-id=\"5a8a2ca\" data-element_type=\"widget\" data-e-type=\"widget\" data-widget_type=\"heading.default\">\n\t\t\t\t<div class=\"elementor-widget-container\">\n\t\t\t\t\t<h2 class=\"elementor-heading-title elementor-size-default\">Todos los detalles del Rally Raid\n\n\n\n\n\n\n<\/h2>\t\t\t\t<\/div>\n\t\t\t\t<\/div>\n\t\t\t\t<div class=\"elementor-element elementor-element-1bdc049 elementor-widget elementor-widget-text-editor\" data-id=\"1bdc049\" data-element_type=\"widget\" data-e-type=\"widget\" data-widget_type=\"text-editor.default\">\n\t\t\t\t<div class=\"elementor-widget-container\">\n\t\t\t\t\t\t\t\t\t<p>Nuestro rally raid en Marruecos es una carrera dise\u00f1ada \u00fanica y exclusivamente para el disfrute de sus participantes. Una combinaci\u00f3n perfecta de pistas, dunas, r\u00edos de arena, impresionantes pasos geogr\u00e1ficos y majestuosos paisajes del desierto. <\/p><p>Evento ideal para la iniciaci\u00f3n y perfeccionamiento de la conducci\u00f3n y navegaci\u00f3n de motocicletas, quads, buggies \/ SSV, veh\u00edculos todoterreno 4\u00d74 y camiones.<\/p><p>Las 6 etapas circulares o semicirculares que componen esta edici\u00f3n tienen entre 50 y 340 kil\u00f3metros, intercalando secciones r\u00e1pidas y otras m\u00e1s t\u00e9cnicas.<\/p><p>Cada etapa comienza y termina en el mismo punto, lo que hace que la log\u00edstica sea un problema menos. Muy cerca de los campamentos hay pueblos y ciudades que cuentan con talleres mec\u00e1nicos, almacenes de repuestos, gasolineras, centros de lavado de coches, restaurantes, etc. <\/p>\t\t\t\t\t\t\t\t<\/div>\n\t\t\t\t<\/div>\n\t\t\t\t<\/div>\n\t\t\t\t<\/div>\n\t\t\t\t\t<\/div>\n\t\t\t\t<\/div>\n\t\t<div class=\"elementor-element elementor-element-3d6882d e-con-full e-flex e-con e-parent\" data-id=\"3d6882d\" data-element_type=\"container\" data-e-type=\"container\">\n\t\t<div class=\"elementor-element elementor-element-c758370 e-con-full e-flex e-con e-child\" data-id=\"c758370\" data-element_type=\"container\" data-e-type=\"container\">\n\t\t\t\t<div class=\"elementor-element elementor-element-8b71eee elementor-widget elementor-widget-heading\" data-id=\"8b71eee\" data-element_type=\"widget\" data-e-type=\"widget\" data-widget_type=\"heading.default\">\n\t\t\t\t<div class=\"elementor-widget-container\">\n\t\t\t\t\t<div class=\"elementor-heading-title elementor-size-default\">Un total de 5 etapas <\/div>\t\t\t\t<\/div>\n\t\t\t\t<\/div>\n\t\t\t\t<div class=\"elementor-element elementor-element-8732479 elementor-widget-divider--separator-type-pattern elementor-widget-divider--no-spacing elementor-widget-divider--view-line elementor-widget elementor-widget-divider\" data-id=\"8732479\" data-element_type=\"widget\" data-e-type=\"widget\" data-widget_type=\"divider.default\">\n\t\t\t\t<div class=\"elementor-widget-container\">\n\t\t\t\t\t\t\t<div class=\"elementor-divider\" style=\"--divider-pattern-url: url(&quot;data:image\/svg+xml,%3Csvg xmlns=&#039;http:\/\/www.w3.org\/2000\/svg&#039; preserveAspectRatio=&#039;xMidYMid meet&#039; overflow=&#039;visible&#039; height=&#039;100%&#039; viewBox=&#039;0 0 126 26&#039; fill=&#039;black&#039; stroke=&#039;none&#039;%3E%3Cpath d=&#039;M3,10.2c2.6,0,2.6,2,2.6,3.2S4.4,16.5,3,16.5s-3-1.4-3-3.2S0.4,10.2,3,10.2z M18.8,10.2c1.7,0,3.2,1.4,3.2,3.2s-1.4,3.2-3.2,3.2c-1.7,0-3.2-1.4-3.2-3.2S17,10.2,18.8,10.2z M34.6,10.2c1.5,0,2.6,1.4,2.6,3.2s-0.5,3.2-1.9,3.2c-1.5,0-3.4-1.4-3.4-3.2S33.1,10.2,34.6,10.2z M50.5,10.2c1.7,0,3.2,1.4,3.2,3.2s-1.4,3.2-3.2,3.2c-1.7,0-3.3-0.9-3.3-2.6S48.7,10.2,50.5,10.2z M66.2,10.2c1.5,0,3.4,1.4,3.4,3.2s-1.9,3.2-3.4,3.2c-1.5,0-2.6-0.4-2.6-2.1S64.8,10.2,66.2,10.2z M82.2,10.2c1.7,0.8,2.6,1.4,2.6,3.2s-0.1,3.2-1.6,3.2c-1.5,0-3.7-1.4-3.7-3.2S80.5,9.4,82.2,10.2zM98.6,10.2c1.5,0,2.6,0.4,2.6,2.1s-1.2,4.2-2.6,4.2c-1.5,0-3.7-0.4-3.7-2.1S97.1,10.2,98.6,10.2z M113.4,10.2c1.2,0,2.2,0.9,2.2,3.2s-0.1,3.2-1.3,3.2s-3.1-1.4-3.1-3.2S112.2,10.2,113.4,10.2z&#039;\/%3E%3C\/svg%3E&quot;);\">\n\t\t\t<span class=\"elementor-divider-separator\">\n\t\t\t\t\t\t<\/span>\n\t\t<\/div>\n\t\t\t\t\t\t<\/div>\n\t\t\t\t<\/div>\n\t\t\t\t<div class=\"elementor-element elementor-element-6b96424 elementor-widget elementor-widget-heading\" data-id=\"6b96424\" data-element_type=\"widget\" data-e-type=\"widget\" data-widget_type=\"heading.default\">\n\t\t\t\t<div class=\"elementor-widget-container\">\n\t\t\t\t\t<h2 class=\"elementor-heading-title elementor-size-default\">+ 1 etapa pr\u00f3logo el primer d\u00eda\n<\/h2>\t\t\t\t<\/div>\n\t\t\t\t<\/div>\n\t\t\t\t<\/div>\n\t\t\t\t<\/div>\n\t\t<div class=\"elementor-element elementor-element-faa57e3 e-flex e-con-boxed e-con e-parent\" data-id=\"faa57e3\" data-element_type=\"container\" data-e-type=\"container\">\n\t\t\t\t\t<div class=\"e-con-inner\">\n\t\t<div class=\"elementor-element elementor-element-317b334 e-con-full e-flex e-con e-child\" data-id=\"317b334\" data-element_type=\"container\" data-e-type=\"container\">\n\t\t\t\t<div class=\"elementor-element elementor-element-49fb8a0 elementor-widget elementor-widget-text-editor\" data-id=\"49fb8a0\" data-element_type=\"widget\" data-e-type=\"widget\" data-widget_type=\"text-editor.default\">\n\t\t\t\t<div class=\"elementor-widget-container\">\n\t\t\t\t\t\t\t\t\t<div><span data-olk-copy-source=\"MessageBody\">Una ruta con los tipos de terreno m\u00e1s exigentes y variados del desierto marroqu\u00ed, para un total de unos 1.300 km cronometrados y entre 5 y 10 horas cronometradas cada d\u00eda.<\/span><\/div><div> <\/div><div>El campamento base o bivouac estar\u00e1 en la localidad de Erfoud, puerta de entrada al desierto del Sahara y desde donde se accede a los lugares m\u00e1s famosos del sur de Marruecos: Erg Chebi, la Prisi\u00f3n Portuguesa, los ca\u00f1ones de Zagora, el Valle del Ziz y un largo etc\u00e9tera que te dejar\u00e1 sin aliento. <\/div>\t\t\t\t\t\t\t\t<\/div>\n\t\t\t\t<\/div>\n\t\t\t\t<div class=\"elementor-element elementor-element-8d4fd08 elementor-widget elementor-widget-image\" data-id=\"8d4fd08\" data-element_type=\"widget\" data-e-type=\"widget\" data-widget_type=\"image.default\">\n\t\t\t\t<div class=\"elementor-widget-container\">\n\t\t\t\t\t\t\t\t\t\t\t\t\t\t\t<img fetchpriority=\"high\" decoding=\"async\" width=\"800\" height=\"787\" src=\"https:\/\/fenekrally.com\/wp-content\/uploads\/2024\/12\/mapa-fenek-2025-b-1024x1007.png\" class=\"attachment-large size-large wp-image-14625\" alt=\"\" srcset=\"https:\/\/fenekrally.com\/wp-content\/uploads\/2024\/12\/mapa-fenek-2025-b-1024x1007.png 1024w, https:\/\/fenekrally.com\/wp-content\/uploads\/2024\/12\/mapa-fenek-2025-b-600x590.png 600w, https:\/\/fenekrally.com\/wp-content\/uploads\/2024\/12\/mapa-fenek-2025-b-300x295.png 300w, https:\/\/fenekrally.com\/wp-content\/uploads\/2024\/12\/mapa-fenek-2025-b-768x755.png 768w, https:\/\/fenekrally.com\/wp-content\/uploads\/2024\/12\/mapa-fenek-2025-b-1536x1511.png 1536w, https:\/\/fenekrally.com\/wp-content\/uploads\/2024\/12\/mapa-fenek-2025-b-2048x2014.png 2048w\" sizes=\"(max-width: 800px) 100vw, 800px\" \/>\t\t\t\t\t\t\t\t\t\t\t\t\t\t\t<\/div>\n\t\t\t\t<\/div>\n\t\t\t\t<\/div>\n\t\t<div class=\"elementor-element elementor-element-06b763b e-con-full e-flex e-con e-child\" data-id=\"06b763b\" data-element_type=\"container\" data-e-type=\"container\">\n\t\t\t\t<div class=\"elementor-element elementor-element-f32bf83 elementor-widget elementor-widget-shortcode\" data-id=\"f32bf83\" data-element_type=\"widget\" data-e-type=\"widget\" data-widget_type=\"shortcode.default\">\n\t\t\t\t<div class=\"elementor-widget-container\">\n\t\t\t\t\t\t\t<div class=\"elementor-shortcode\">\n<table id=\"tablepress-57\" class=\"tablepress tablepress-id-57\">\n<thead>\n<tr class=\"row-1\">\n\t<th class=\"column-1\">Stage #<br \/>\nEtapa #<br \/>\n\u00c9tape #<br \/>\nTappa #<\/th><th class=\"column-2\">Liaison<br \/>\nEnlace<br \/>\nLiaison<br \/>\nCollegamento<\/th><th class=\"column-3\">Special Stage<br \/>\nEspecial<br \/>\nSp\u00e9ciale<br \/>\nSpeciale<\/th><th class=\"column-4\">Liaison<br \/>\nEnlace<br \/>\nLiaison<br \/>\nCollegamento<\/th><th class=\"column-5\">Total<br \/>\nTotal<br \/>\nTotal<br \/>\nTotale<\/th>\n<\/tr>\n<\/thead>\n<tbody class=\"row-striping row-hover\">\n<tr class=\"row-2\">\n\t<td class=\"column-1\">Prologue<br \/>\nPr\u00f3logo<br \/>\nPrologue<br \/>\nPrologo<\/td><td class=\"column-2\">1<\/td><td class=\"column-3\">33<\/td><td class=\"column-4\">4<\/td><td class=\"column-5\">38<\/td>\n<\/tr>\n<tr class=\"row-3\">\n\t<td class=\"column-1\">Stage 1<br \/>\nEtapa 1<br \/>\n\u00c9tape 1<br \/>\nTappa 1<\/td><td class=\"column-2\">5<\/td><td class=\"column-3\">183<\/td><td class=\"column-4\">70<\/td><td class=\"column-5\">258<\/td>\n<\/tr>\n<tr class=\"row-4\">\n\t<td class=\"column-1\">Stage 2<br \/>\nEtapa 2<br \/>\n\u00c9tape 2<br \/>\nTappa 2<\/td><td class=\"column-2\">30<\/td><td class=\"column-3\">193<\/td><td class=\"column-4\">85<\/td><td class=\"column-5\">308<\/td>\n<\/tr>\n<tr class=\"row-5\">\n\t<td class=\"column-1\">Stage 3<br \/>\nEtapa 3<br \/>\n\u00c9tape 3<br \/>\nTappa 3<\/td><td class=\"column-2\">56<\/td><td class=\"column-3\">231<\/td><td class=\"column-4\">15<\/td><td class=\"column-5\">302<\/td>\n<\/tr>\n<tr class=\"row-6\">\n\t<td class=\"column-1\">Stage 4<br \/>\nEtapa 4<br \/>\n\u00c9tape 4<br \/>\nTappa 4<\/td><td class=\"column-2\">33<\/td><td class=\"column-3\">188<\/td><td class=\"column-4\">65<\/td><td class=\"column-5\">286<\/td>\n<\/tr>\n<tr class=\"row-7\">\n\t<td class=\"column-1\">Stage 5<br \/>\nEtapa 5<br \/>\n\u00c9tape 5<br \/>\nTappa 5<\/td><td class=\"column-2\">61<\/td><td class=\"column-3\">54<\/td><td class=\"column-4\">61<\/td><td class=\"column-5\">176<\/td>\n<\/tr>\n<\/tbody>\n<tfoot>\n<tr class=\"row-8\">\n\t<td class=\"column-1\"><\/td><th class=\"column-2\">186<\/th><th class=\"column-3\">882<\/th><th class=\"column-4\">300<\/th><th class=\"column-5\">1368<\/th>\n<\/tr>\n<\/tfoot>\n<\/table>\n<!-- #tablepress-57 from cache --><\/div>\n\t\t\t\t\t\t<\/div>\n\t\t\t\t<\/div>\n\t\t\t\t<\/div>\n\t\t\t\t\t<\/div>\n\t\t\t\t<\/div>\n\t\t\t\t<\/div>\n\t\t","protected":false},"excerpt":{"rendered":"<p>Etapas del FenekRally Seis etapas circulares o semicirculares que componen esta edici\u00f3n tienen entre 50 y 340 kil\u00f3metros, intercaladas con secciones r\u00e1pidas y otras m\u00e1s t\u00e9cnicas. Datos de la carrera de rally raid Edici\u00f3n Original Edici\u00f3n de Spring Para expertos y principiantes INSCRIPCI\u00d3N Todos los detalles del Rally Raid Nuestro rally raid en Marruecos es [&hellip;]<\/p>\n","protected":false},"author":7,"featured_media":0,"parent":0,"menu_order":0,"comment_status":"closed","ping_status":"closed","template":"","meta":{"footnotes":""},"class_list":["post-19540","page","type-page","status-publish","hentry"],"yoast_head":"<!-- This site is optimized with the Yoast SEO plugin v27.4 - https:\/\/yoast.com\/product\/yoast-seo-wordpress\/ -->\n<title>Etapas del FenekRally - FenekRally<\/title>\n<meta name=\"robots\" content=\"index, follow, max-snippet:-1, max-image-preview:large, max-video-preview:-1\" \/>\n<link rel=\"canonical\" href=\"https:\/\/fenekrally.com\/es\/estapas-de-la-fenekrally\/\" \/>\n<meta property=\"og:locale\" content=\"es_ES\" \/>\n<meta property=\"og:type\" content=\"article\" \/>\n<meta property=\"og:title\" content=\"Etapas del FenekRally - FenekRally\" \/>\n<meta property=\"og:description\" content=\"Etapas del FenekRally Seis etapas circulares o semicirculares que componen esta edici\u00f3n tienen entre 50 y 340 kil\u00f3metros, intercaladas con secciones r\u00e1pidas y otras m\u00e1s t\u00e9cnicas. Datos de la carrera de rally raid Edici\u00f3n Original Edici\u00f3n de Spring Para expertos y principiantes INSCRIPCI\u00d3N Todos los detalles del Rally Raid Nuestro rally raid en Marruecos es [&hellip;]\" \/>\n<meta property=\"og:url\" content=\"https:\/\/fenekrally.com\/es\/estapas-de-la-fenekrally\/\" \/>\n<meta property=\"og:site_name\" content=\"FenekRally\" \/>\n<meta property=\"article:modified_time\" content=\"2025-12-08T21:27:51+00:00\" \/>\n<meta property=\"og:image\" content=\"https:\/\/fenekrally.com\/wp-content\/uploads\/2024\/12\/mapa-fenek-2025-b-1024x1007.png\" \/>\n\t<meta property=\"og:image:width\" content=\"1024\" \/>\n\t<meta property=\"og:image:height\" content=\"1007\" \/>\n\t<meta property=\"og:image:type\" content=\"image\/png\" \/>\n<meta name=\"twitter:card\" content=\"summary_large_image\" \/>\n<meta name=\"twitter:label1\" content=\"Tiempo de lectura\" \/>\n\t<meta name=\"twitter:data1\" content=\"1 minuto\" \/>\n<script type=\"application\/ld+json\" class=\"yoast-schema-graph\">{\"@context\":\"https:\\\/\\\/schema.org\",\"@graph\":[{\"@type\":\"WebPage\",\"@id\":\"https:\\\/\\\/fenekrally.com\\\/es\\\/estapas-de-la-fenekrally\\\/\",\"url\":\"https:\\\/\\\/fenekrally.com\\\/es\\\/estapas-de-la-fenekrally\\\/\",\"name\":\"Etapas del FenekRally - FenekRally\",\"isPartOf\":{\"@id\":\"https:\\\/\\\/fenekrally.com\\\/es\\\/#website\"},\"primaryImageOfPage\":{\"@id\":\"https:\\\/\\\/fenekrally.com\\\/es\\\/estapas-de-la-fenekrally\\\/#primaryimage\"},\"image\":{\"@id\":\"https:\\\/\\\/fenekrally.com\\\/es\\\/estapas-de-la-fenekrally\\\/#primaryimage\"},\"thumbnailUrl\":\"https:\\\/\\\/fenekrally.com\\\/wp-content\\\/uploads\\\/2024\\\/12\\\/mapa-fenek-2025-b-1024x1007.png\",\"datePublished\":\"2025-01-26T23:59:58+00:00\",\"dateModified\":\"2025-12-08T21:27:51+00:00\",\"inLanguage\":\"es\",\"potentialAction\":[{\"@type\":\"ReadAction\",\"target\":[\"https:\\\/\\\/fenekrally.com\\\/es\\\/estapas-de-la-fenekrally\\\/\"]}]},{\"@type\":\"ImageObject\",\"inLanguage\":\"es\",\"@id\":\"https:\\\/\\\/fenekrally.com\\\/es\\\/estapas-de-la-fenekrally\\\/#primaryimage\",\"url\":\"https:\\\/\\\/fenekrally.com\\\/wp-content\\\/uploads\\\/2024\\\/12\\\/mapa-fenek-2025-b-1024x1007.png\",\"contentUrl\":\"https:\\\/\\\/fenekrally.com\\\/wp-content\\\/uploads\\\/2024\\\/12\\\/mapa-fenek-2025-b-1024x1007.png\"},{\"@type\":\"WebSite\",\"@id\":\"https:\\\/\\\/fenekrally.com\\\/es\\\/#website\",\"url\":\"https:\\\/\\\/fenekrally.com\\\/es\\\/\",\"name\":\"FenekRally\",\"description\":\"Rally Raid in Morocco\",\"publisher\":{\"@id\":\"https:\\\/\\\/fenekrally.com\\\/es\\\/#organization\"},\"potentialAction\":[{\"@type\":\"SearchAction\",\"target\":{\"@type\":\"EntryPoint\",\"urlTemplate\":\"https:\\\/\\\/fenekrally.com\\\/es\\\/?s={search_term_string}\"},\"query-input\":{\"@type\":\"PropertyValueSpecification\",\"valueRequired\":true,\"valueName\":\"search_term_string\"}}],\"inLanguage\":\"es\"},{\"@type\":\"Organization\",\"@id\":\"https:\\\/\\\/fenekrally.com\\\/es\\\/#organization\",\"name\":\"FenekRally\",\"url\":\"https:\\\/\\\/fenekrally.com\\\/es\\\/\",\"logo\":{\"@type\":\"ImageObject\",\"inLanguage\":\"es\",\"@id\":\"https:\\\/\\\/fenekrally.com\\\/es\\\/#\\\/schema\\\/logo\\\/image\\\/\",\"url\":\"https:\\\/\\\/fenekrally.com\\\/wp-content\\\/uploads\\\/2023\\\/12\\\/rally-raid-marruecos-tunez.png\",\"contentUrl\":\"https:\\\/\\\/fenekrally.com\\\/wp-content\\\/uploads\\\/2023\\\/12\\\/rally-raid-marruecos-tunez.png\",\"width\":198,\"height\":80,\"caption\":\"FenekRally\"},\"image\":{\"@id\":\"https:\\\/\\\/fenekrally.com\\\/es\\\/#\\\/schema\\\/logo\\\/image\\\/\"}}]}<\/script>\n<!-- \/ Yoast SEO plugin. -->","yoast_head_json":{"title":"Etapas del FenekRally - FenekRally","robots":{"index":"index","follow":"follow","max-snippet":"max-snippet:-1","max-image-preview":"max-image-preview:large","max-video-preview":"max-video-preview:-1"},"canonical":"https:\/\/fenekrally.com\/es\/estapas-de-la-fenekrally\/","og_locale":"es_ES","og_type":"article","og_title":"Etapas del FenekRally - FenekRally","og_description":"Etapas del FenekRally Seis etapas circulares o semicirculares que componen esta edici\u00f3n tienen entre 50 y 340 kil\u00f3metros, intercaladas con secciones r\u00e1pidas y otras m\u00e1s t\u00e9cnicas. Datos de la carrera de rally raid Edici\u00f3n Original Edici\u00f3n de Spring Para expertos y principiantes INSCRIPCI\u00d3N Todos los detalles del Rally Raid Nuestro rally raid en Marruecos es [&hellip;]","og_url":"https:\/\/fenekrally.com\/es\/estapas-de-la-fenekrally\/","og_site_name":"FenekRally","article_modified_time":"2025-12-08T21:27:51+00:00","og_image":[{"width":1024,"height":1007,"url":"https:\/\/fenekrally.com\/wp-content\/uploads\/2024\/12\/mapa-fenek-2025-b-1024x1007.png","type":"image\/png"}],"twitter_card":"summary_large_image","twitter_misc":{"Tiempo de lectura":"1 minuto"},"schema":{"@context":"https:\/\/schema.org","@graph":[{"@type":"WebPage","@id":"https:\/\/fenekrally.com\/es\/estapas-de-la-fenekrally\/","url":"https:\/\/fenekrally.com\/es\/estapas-de-la-fenekrally\/","name":"Etapas del FenekRally - FenekRally","isPartOf":{"@id":"https:\/\/fenekrally.com\/es\/#website"},"primaryImageOfPage":{"@id":"https:\/\/fenekrally.com\/es\/estapas-de-la-fenekrally\/#primaryimage"},"image":{"@id":"https:\/\/fenekrally.com\/es\/estapas-de-la-fenekrally\/#primaryimage"},"thumbnailUrl":"https:\/\/fenekrally.com\/wp-content\/uploads\/2024\/12\/mapa-fenek-2025-b-1024x1007.png","datePublished":"2025-01-26T23:59:58+00:00","dateModified":"2025-12-08T21:27:51+00:00","inLanguage":"es","potentialAction":[{"@type":"ReadAction","target":["https:\/\/fenekrally.com\/es\/estapas-de-la-fenekrally\/"]}]},{"@type":"ImageObject","inLanguage":"es","@id":"https:\/\/fenekrally.com\/es\/estapas-de-la-fenekrally\/#primaryimage","url":"https:\/\/fenekrally.com\/wp-content\/uploads\/2024\/12\/mapa-fenek-2025-b-1024x1007.png","contentUrl":"https:\/\/fenekrally.com\/wp-content\/uploads\/2024\/12\/mapa-fenek-2025-b-1024x1007.png"},{"@type":"WebSite","@id":"https:\/\/fenekrally.com\/es\/#website","url":"https:\/\/fenekrally.com\/es\/","name":"FenekRally","description":"Rally Raid in Morocco","publisher":{"@id":"https:\/\/fenekrally.com\/es\/#organization"},"potentialAction":[{"@type":"SearchAction","target":{"@type":"EntryPoint","urlTemplate":"https:\/\/fenekrally.com\/es\/?s={search_term_string}"},"query-input":{"@type":"PropertyValueSpecification","valueRequired":true,"valueName":"search_term_string"}}],"inLanguage":"es"},{"@type":"Organization","@id":"https:\/\/fenekrally.com\/es\/#organization","name":"FenekRally","url":"https:\/\/fenekrally.com\/es\/","logo":{"@type":"ImageObject","inLanguage":"es","@id":"https:\/\/fenekrally.com\/es\/#\/schema\/logo\/image\/","url":"https:\/\/fenekrally.com\/wp-content\/uploads\/2023\/12\/rally-raid-marruecos-tunez.png","contentUrl":"https:\/\/fenekrally.com\/wp-content\/uploads\/2023\/12\/rally-raid-marruecos-tunez.png","width":198,"height":80,"caption":"FenekRally"},"image":{"@id":"https:\/\/fenekrally.com\/es\/#\/schema\/logo\/image\/"}}]}},"_links":{"self":[{"href":"https:\/\/fenekrally.com\/es\/wp-json\/wp\/v2\/pages\/19540","targetHints":{"allow":["GET"]}}],"collection":[{"href":"https:\/\/fenekrally.com\/es\/wp-json\/wp\/v2\/pages"}],"about":[{"href":"https:\/\/fenekrally.com\/es\/wp-json\/wp\/v2\/types\/page"}],"author":[{"embeddable":true,"href":"https:\/\/fenekrally.com\/es\/wp-json\/wp\/v2\/users\/7"}],"replies":[{"embeddable":true,"href":"https:\/\/fenekrally.com\/es\/wp-json\/wp\/v2\/comments?post=19540"}],"version-history":[{"count":3,"href":"https:\/\/fenekrally.com\/es\/wp-json\/wp\/v2\/pages\/19540\/revisions"}],"predecessor-version":[{"id":22062,"href":"https:\/\/fenekrally.com\/es\/wp-json\/wp\/v2\/pages\/19540\/revisions\/22062"}],"wp:attachment":[{"href":"https:\/\/fenekrally.com\/es\/wp-json\/wp\/v2\/media?parent=19540"}],"curies":[{"name":"wp","href":"https:\/\/api.w.org\/{rel}","templated":true}]}}