{"id":22807,"date":"2026-02-04T21:43:01","date_gmt":"2026-02-04T20:43:01","guid":{"rendered":"https:\/\/fenekrally.com\/product\/fenek-rally-original-inscripcion\/"},"modified":"2026-02-13T13:35:47","modified_gmt":"2026-02-13T12:35:47","slug":"fenek-rally-original-inscripcion","status":"publish","type":"product","link":"https:\/\/fenekrally.com\/es\/product\/fenek-rally-original-inscripcion\/","title":{"rendered":"Fenek Rally &#8211; Original \/ Inscripci\u00f3n"},"content":{"rendered":"<p>Inscripci\u00f3n en el Fenek Rally- Original, incluida la reserva de tu participaci\u00f3n.<\/p>\n","protected":false},"excerpt":{"rendered":"<p>Inscripci\u00f3n en el FenekRally &#8211; Original, incluida la reserva de tu participaci\u00f3n.<\/p>\n","protected":false},"featured_media":18796,"comment_status":"closed","ping_status":"closed","template":"","meta":[],"product_brand":[],"product_cat":[371],"product_tag":[],"class_list":{"0":"post-22807","1":"product","2":"type-product","3":"status-publish","4":"has-post-thumbnail","6":"product_cat-sin-categoria","8":"first","9":"instock","10":"shipping-taxable","11":"purchasable","12":"product-type-simple"},"yoast_head":"<!-- This site is optimized with the Yoast SEO plugin v27.4 - https:\/\/yoast.com\/product\/yoast-seo-wordpress\/ -->\n<title>Fenek Rally - Original \/ Inscripci\u00f3n - FenekRally<\/title>\n<meta name=\"robots\" content=\"noindex, follow\" \/>\n<meta property=\"og:locale\" content=\"es_ES\" \/>\n<meta property=\"og:type\" content=\"article\" \/>\n<meta property=\"og:title\" content=\"Fenek Rally - Original \/ Inscripci\u00f3n - FenekRally\" \/>\n<meta property=\"og:description\" content=\"Inscripci\u00f3n en el FenekRally - Original, incluida la reserva de tu participaci\u00f3n.\" \/>\n<meta property=\"og:url\" content=\"https:\/\/fenekrally.com\/es\/product\/fenek-rally-original-inscripcion\/\" \/>\n<meta property=\"og:site_name\" content=\"FenekRally\" \/>\n<meta property=\"article:modified_time\" content=\"2026-02-13T12:35:47+00:00\" \/>\n<meta property=\"og:image\" content=\"https:\/\/fenekrally.com\/wp-content\/uploads\/2024\/12\/FENEK24_CUERVO_VC400471-scaled.jpg\" \/>\n\t<meta property=\"og:image:width\" content=\"2560\" \/>\n\t<meta property=\"og:image:height\" content=\"1707\" \/>\n\t<meta property=\"og:image:type\" content=\"image\/jpeg\" \/>\n<meta name=\"twitter:card\" content=\"summary_large_image\" \/>\n<script type=\"application\/ld+json\" class=\"yoast-schema-graph\">{\"@context\":\"https:\\\/\\\/schema.org\",\"@graph\":[{\"@type\":\"WebPage\",\"@id\":\"https:\\\/\\\/fenekrally.com\\\/es\\\/product\\\/fenek-rally-original-inscripcion\\\/\",\"url\":\"https:\\\/\\\/fenekrally.com\\\/es\\\/product\\\/fenek-rally-original-inscripcion\\\/\",\"name\":\"Fenek Rally - Original \\\/ Inscripci\u00f3n - FenekRally\",\"isPartOf\":{\"@id\":\"https:\\\/\\\/fenekrally.com\\\/es\\\/#website\"},\"primaryImageOfPage\":{\"@id\":\"https:\\\/\\\/fenekrally.com\\\/es\\\/product\\\/fenek-rally-original-inscripcion\\\/#primaryimage\"},\"image\":{\"@id\":\"https:\\\/\\\/fenekrally.com\\\/es\\\/product\\\/fenek-rally-original-inscripcion\\\/#primaryimage\"},\"thumbnailUrl\":\"https:\\\/\\\/fenekrally.com\\\/wp-content\\\/uploads\\\/2024\\\/12\\\/FENEK24_CUERVO_VC400471-scaled.jpg\",\"datePublished\":\"2026-02-04T20:43:01+00:00\",\"dateModified\":\"2026-02-13T12:35:47+00:00\",\"breadcrumb\":{\"@id\":\"https:\\\/\\\/fenekrally.com\\\/es\\\/product\\\/fenek-rally-original-inscripcion\\\/#breadcrumb\"},\"inLanguage\":\"es\",\"potentialAction\":[{\"@type\":\"ReadAction\",\"target\":[\"https:\\\/\\\/fenekrally.com\\\/es\\\/product\\\/fenek-rally-original-inscripcion\\\/\"]}]},{\"@type\":\"ImageObject\",\"inLanguage\":\"es\",\"@id\":\"https:\\\/\\\/fenekrally.com\\\/es\\\/product\\\/fenek-rally-original-inscripcion\\\/#primaryimage\",\"url\":\"https:\\\/\\\/fenekrally.com\\\/wp-content\\\/uploads\\\/2024\\\/12\\\/FENEK24_CUERVO_VC400471-scaled.jpg\",\"contentUrl\":\"https:\\\/\\\/fenekrally.com\\\/wp-content\\\/uploads\\\/2024\\\/12\\\/FENEK24_CUERVO_VC400471-scaled.jpg\",\"width\":2560,\"height\":1707},{\"@type\":\"BreadcrumbList\",\"@id\":\"https:\\\/\\\/fenekrally.com\\\/es\\\/product\\\/fenek-rally-original-inscripcion\\\/#breadcrumb\",\"itemListElement\":[{\"@type\":\"ListItem\",\"position\":1,\"name\":\"Tienda\",\"item\":\"https:\\\/\\\/fenekrally.com\\\/es\\\/tienda\\\/\"},{\"@type\":\"ListItem\",\"position\":2,\"name\":\"Fenek Rally &#8211; Original \\\/ Inscripci\u00f3n\"}]},{\"@type\":\"WebSite\",\"@id\":\"https:\\\/\\\/fenekrally.com\\\/es\\\/#website\",\"url\":\"https:\\\/\\\/fenekrally.com\\\/es\\\/\",\"name\":\"FenekRally\",\"description\":\"Rally Raid in Morocco\",\"publisher\":{\"@id\":\"https:\\\/\\\/fenekrally.com\\\/es\\\/#organization\"},\"potentialAction\":[{\"@type\":\"SearchAction\",\"target\":{\"@type\":\"EntryPoint\",\"urlTemplate\":\"https:\\\/\\\/fenekrally.com\\\/es\\\/?s={search_term_string}\"},\"query-input\":{\"@type\":\"PropertyValueSpecification\",\"valueRequired\":true,\"valueName\":\"search_term_string\"}}],\"inLanguage\":\"es\"},{\"@type\":\"Organization\",\"@id\":\"https:\\\/\\\/fenekrally.com\\\/es\\\/#organization\",\"name\":\"FenekRally\",\"url\":\"https:\\\/\\\/fenekrally.com\\\/es\\\/\",\"logo\":{\"@type\":\"ImageObject\",\"inLanguage\":\"es\",\"@id\":\"https:\\\/\\\/fenekrally.com\\\/es\\\/#\\\/schema\\\/logo\\\/image\\\/\",\"url\":\"https:\\\/\\\/fenekrally.com\\\/wp-content\\\/uploads\\\/2023\\\/12\\\/rally-raid-marruecos-tunez.png\",\"contentUrl\":\"https:\\\/\\\/fenekrally.com\\\/wp-content\\\/uploads\\\/2023\\\/12\\\/rally-raid-marruecos-tunez.png\",\"width\":198,\"height\":80,\"caption\":\"FenekRally\"},\"image\":{\"@id\":\"https:\\\/\\\/fenekrally.com\\\/es\\\/#\\\/schema\\\/logo\\\/image\\\/\"}}]}<\/script>\n<!-- \/ Yoast SEO plugin. -->","yoast_head_json":{"title":"Fenek Rally - Original \/ Inscripci\u00f3n - FenekRally","robots":{"index":"noindex","follow":"follow"},"og_locale":"es_ES","og_type":"article","og_title":"Fenek Rally - Original \/ Inscripci\u00f3n - FenekRally","og_description":"Inscripci\u00f3n en el FenekRally - Original, incluida la reserva de tu participaci\u00f3n.","og_url":"https:\/\/fenekrally.com\/es\/product\/fenek-rally-original-inscripcion\/","og_site_name":"FenekRally","article_modified_time":"2026-02-13T12:35:47+00:00","og_image":[{"width":2560,"height":1707,"url":"https:\/\/fenekrally.com\/wp-content\/uploads\/2024\/12\/FENEK24_CUERVO_VC400471-scaled.jpg","type":"image\/jpeg"}],"twitter_card":"summary_large_image","schema":{"@context":"https:\/\/schema.org","@graph":[{"@type":"WebPage","@id":"https:\/\/fenekrally.com\/es\/product\/fenek-rally-original-inscripcion\/","url":"https:\/\/fenekrally.com\/es\/product\/fenek-rally-original-inscripcion\/","name":"Fenek Rally - Original \/ Inscripci\u00f3n - FenekRally","isPartOf":{"@id":"https:\/\/fenekrally.com\/es\/#website"},"primaryImageOfPage":{"@id":"https:\/\/fenekrally.com\/es\/product\/fenek-rally-original-inscripcion\/#primaryimage"},"image":{"@id":"https:\/\/fenekrally.com\/es\/product\/fenek-rally-original-inscripcion\/#primaryimage"},"thumbnailUrl":"https:\/\/fenekrally.com\/wp-content\/uploads\/2024\/12\/FENEK24_CUERVO_VC400471-scaled.jpg","datePublished":"2026-02-04T20:43:01+00:00","dateModified":"2026-02-13T12:35:47+00:00","breadcrumb":{"@id":"https:\/\/fenekrally.com\/es\/product\/fenek-rally-original-inscripcion\/#breadcrumb"},"inLanguage":"es","potentialAction":[{"@type":"ReadAction","target":["https:\/\/fenekrally.com\/es\/product\/fenek-rally-original-inscripcion\/"]}]},{"@type":"ImageObject","inLanguage":"es","@id":"https:\/\/fenekrally.com\/es\/product\/fenek-rally-original-inscripcion\/#primaryimage","url":"https:\/\/fenekrally.com\/wp-content\/uploads\/2024\/12\/FENEK24_CUERVO_VC400471-scaled.jpg","contentUrl":"https:\/\/fenekrally.com\/wp-content\/uploads\/2024\/12\/FENEK24_CUERVO_VC400471-scaled.jpg","width":2560,"height":1707},{"@type":"BreadcrumbList","@id":"https:\/\/fenekrally.com\/es\/product\/fenek-rally-original-inscripcion\/#breadcrumb","itemListElement":[{"@type":"ListItem","position":1,"name":"Tienda","item":"https:\/\/fenekrally.com\/es\/tienda\/"},{"@type":"ListItem","position":2,"name":"Fenek Rally &#8211; Original \/ Inscripci\u00f3n"}]},{"@type":"WebSite","@id":"https:\/\/fenekrally.com\/es\/#website","url":"https:\/\/fenekrally.com\/es\/","name":"FenekRally","description":"Rally Raid in Morocco","publisher":{"@id":"https:\/\/fenekrally.com\/es\/#organization"},"potentialAction":[{"@type":"SearchAction","target":{"@type":"EntryPoint","urlTemplate":"https:\/\/fenekrally.com\/es\/?s={search_term_string}"},"query-input":{"@type":"PropertyValueSpecification","valueRequired":true,"valueName":"search_term_string"}}],"inLanguage":"es"},{"@type":"Organization","@id":"https:\/\/fenekrally.com\/es\/#organization","name":"FenekRally","url":"https:\/\/fenekrally.com\/es\/","logo":{"@type":"ImageObject","inLanguage":"es","@id":"https:\/\/fenekrally.com\/es\/#\/schema\/logo\/image\/","url":"https:\/\/fenekrally.com\/wp-content\/uploads\/2023\/12\/rally-raid-marruecos-tunez.png","contentUrl":"https:\/\/fenekrally.com\/wp-content\/uploads\/2023\/12\/rally-raid-marruecos-tunez.png","width":198,"height":80,"caption":"FenekRally"},"image":{"@id":"https:\/\/fenekrally.com\/es\/#\/schema\/logo\/image\/"}}]}},"_links":{"self":[{"href":"https:\/\/fenekrally.com\/es\/wp-json\/wp\/v2\/product\/22807","targetHints":{"allow":["GET"]}}],"collection":[{"href":"https:\/\/fenekrally.com\/es\/wp-json\/wp\/v2\/product"}],"about":[{"href":"https:\/\/fenekrally.com\/es\/wp-json\/wp\/v2\/types\/product"}],"replies":[{"embeddable":true,"href":"https:\/\/fenekrally.com\/es\/wp-json\/wp\/v2\/comments?post=22807"}],"wp:featuredmedia":[{"embeddable":true,"href":"https:\/\/fenekrally.com\/es\/wp-json\/wp\/v2\/media\/18796"}],"wp:attachment":[{"href":"https:\/\/fenekrally.com\/es\/wp-json\/wp\/v2\/media?parent=22807"}],"wp:term":[{"taxonomy":"product_brand","embeddable":true,"href":"https:\/\/fenekrally.com\/es\/wp-json\/wp\/v2\/product_brand?post=22807"},{"taxonomy":"product_cat","embeddable":true,"href":"https:\/\/fenekrally.com\/es\/wp-json\/wp\/v2\/product_cat?post=22807"},{"taxonomy":"product_tag","embeddable":true,"href":"https:\/\/fenekrally.com\/es\/wp-json\/wp\/v2\/product_tag?post=22807"}],"curies":[{"name":"wp","href":"https:\/\/api.w.org\/{rel}","templated":true}]}}