{"id":19413,"date":"2020-02-02T12:06:10","date_gmt":"2020-02-02T11:06:10","guid":{"rendered":"https:\/\/fenekrally.com\/avviso-legale-e-politica-sui-cookie\/"},"modified":"2025-12-08T22:05:34","modified_gmt":"2025-12-08T21:05:34","slug":"avviso-legale-e-politica-sui-cookie","status":"publish","type":"page","link":"https:\/\/fenekrally.com\/it\/avviso-legale-e-politica-sui-cookie\/","title":{"rendered":"Avviso legale e politica sui cookie"},"content":{"rendered":"\t\t<div data-elementor-type=\"wp-post\" data-elementor-id=\"19413\" class=\"elementor elementor-19413 elementor-11927\" data-elementor-post-type=\"page\">\n\t\t\t\t<div class=\"elementor-element elementor-element-539484e e-flex e-con-boxed e-con e-parent\" data-id=\"539484e\" data-element_type=\"container\" data-e-type=\"container\" data-settings=\"{&quot;background_background&quot;:&quot;classic&quot;}\">\n\t\t\t\t\t<div class=\"e-con-inner\">\n\t\t<div class=\"elementor-element elementor-element-67a60b0 e-con-full e-flex e-con e-child\" data-id=\"67a60b0\" data-element_type=\"container\" data-e-type=\"container\">\n\t\t\t\t<div class=\"elementor-element elementor-element-0cdd587 elementor-widget elementor-widget-heading\" data-id=\"0cdd587\" data-element_type=\"widget\" data-e-type=\"widget\" data-widget_type=\"heading.default\">\n\t\t\t\t<div class=\"elementor-widget-container\">\n\t\t\t\t\t<h2 class=\"elementor-heading-title elementor-size-default\">Avviso legale e politica sui cookie<\/h2>\t\t\t\t<\/div>\n\t\t\t\t<\/div>\n\t\t\t\t<div class=\"elementor-element elementor-element-24edae9 elementor-widget elementor-widget-spacer\" data-id=\"24edae9\" data-element_type=\"widget\" data-e-type=\"widget\" data-widget_type=\"spacer.default\">\n\t\t\t\t<div class=\"elementor-widget-container\">\n\t\t\t\t\t\t\t<div class=\"elementor-spacer\">\n\t\t\t<div class=\"elementor-spacer-inner\"><\/div>\n\t\t<\/div>\n\t\t\t\t\t\t<\/div>\n\t\t\t\t<\/div>\n\t\t\t\t<\/div>\n\t\t\t\t\t<\/div>\n\t\t\t\t<\/div>\n\t\t<div class=\"elementor-element elementor-element-8bc9a36 e-flex e-con-boxed e-con e-parent\" data-id=\"8bc9a36\" data-element_type=\"container\" data-e-type=\"container\">\n\t\t\t\t\t<div class=\"e-con-inner\">\n\t\t<div class=\"elementor-element elementor-element-72282fc e-con-full e-flex e-con e-child\" data-id=\"72282fc\" data-element_type=\"container\" data-e-type=\"container\">\n\t\t\t\t<div class=\"elementor-element elementor-element-b095c49 elementor-widget elementor-widget-spacer\" data-id=\"b095c49\" data-element_type=\"widget\" data-e-type=\"widget\" data-widget_type=\"spacer.default\">\n\t\t\t\t<div class=\"elementor-widget-container\">\n\t\t\t\t\t\t\t<div class=\"elementor-spacer\">\n\t\t\t<div class=\"elementor-spacer-inner\"><\/div>\n\t\t<\/div>\n\t\t\t\t\t\t<\/div>\n\t\t\t\t<\/div>\n\t\t\t\t<div class=\"elementor-element elementor-element-fb12327 elementor-widget elementor-widget-text-editor\" data-id=\"fb12327\" data-element_type=\"widget\" data-e-type=\"widget\" data-widget_type=\"text-editor.default\">\n\t\t\t\t<div class=\"elementor-widget-container\">\n\t\t\t\t\t\t\t\t\t<p>Identificaci\u00f3n y contacto del propietario de la web.<\/p>\n<p><a href=\"https:\/\/fenekrally.com\/it\/\">fenekrally.com<\/a> (en adelante la web) es propiedad de Territori Travel, S.L. (en adelante el Titular) con domicilio en Calle Segura 12, 03004 Alicante, con CIF\/NIF B66060476 tel\u00e9fono 670340807 y correo electr\u00f3nico <a href=\"mailto:info@fenekrally.com\">info@fenekrally.com<\/a><\/p>\n<p>\u00c1mbito de aplicaci\u00f3n<\/p>\n<p>La navegaci\u00f3n por el sitio web del Titular implica asumir la condici\u00f3n de usuario y la aceptaci\u00f3n absoluta de lo manifestado en este Aviso Legal.<\/p>\n<p>Edad.<\/p>\n<p>El registro en nuestra web est\u00e1 dirigido a mayores de dieciocho (18) a\u00f1os. Si se detectara el registro de un menor de 18 a\u00f1os, esa cuenta ser\u00e1 autom\u00e1ticamente eliminada. <\/p>\n<p>Propiedad intelectual o industrial.<\/p>\n<p>Los contenidos de la Web, por ejemplo textos, im\u00e1genes, gr\u00e1ficos o c\u00f3digo fuente, est\u00e1n protegidos por derechos de propiedad intelectual e industrial.<\/p>\n<p>Tales contenidos no podr\u00e1n ser, por ejemplo, reproducidos o transformados sin el permiso previo y expl\u00edcito del Titular. Los usuarios pueden acceder a los contenidos y realizar copias privadas autorizadas siempre que los elementos reproducidos no sean cedidos posteriormente a terceros, ni se instalen en servidores en red, ni sean objeto de ning\u00fan tipo de explotaci\u00f3n. <\/p>\n<p>Normas comunes de uso de la web.<\/p>\n<p>El usuario se compromete a hacer un uso de la Web de acuerdo a las siguientes normas:<\/p>\n<p>No publicar\u00e1 comunicaciones comerciales a trav\u00e9s del sitio web.<\/p>\n<p>No recopilar\u00e1 contenido o informaci\u00f3n de otros usuarios.<\/p>\n<p>No cargar\u00e1 virus ni c\u00f3digo malintencionado de ning\u00fan tipo.<\/p>\n<p>No solicitar\u00e1 informaci\u00f3n de inicio de sesi\u00f3n ni acceder\u00e1 a una cuenta perteneciente a otro usuario.<\/p>\n<p>No molestar\u00e1, intimidar\u00e1 ni acosar\u00e1 a ning\u00fan usuario.<\/p>\n<p>No realizar\u00e1 actos il\u00edcitos, enga\u00f1osos, malintencionados o discriminatorios en el sitio web, de acuerdo a estas condiciones y al ordenamiento<br>jur\u00eddico espa\u00f1ol.<\/p>\n<p>No har\u00e1 nada que pueda poner en peligro la seguridad de su cuenta, especialmente respecto a su contrase\u00f1a. De hecho, comunicar\u00e1 cualquier incidencia relacionada con su contrase\u00f1a, cuenta, vulneraci\u00f3n de la confidencialidad de tus datos, peligro o amenaza detectada en la seguridad de sus datos. <\/p>\n<p>El Titular podr\u00e1 eliminar cualquier contenido o suspender el servicio si seg\u00fan su propio criterio, incumple cualquiera de las normas y obligaciones descritas en este Aviso Legal.<\/p>\n<p>Para cualquier consulta o aclaraci\u00f3n sobre estas normas comunitarias en particular o estas condiciones en particular, puede contactarnos v\u00eda email.<\/p>\n<p>Enlaces y limitaci\u00f3n de responsabilidad.<\/p>\n<p>El establecimiento de un hiperenlace no implica en ning\u00fan caso la existencia de relaciones entre el Titular y el propietario del sitio web en la que se establezca, ni la aceptaci\u00f3n y aprobaci\u00f3n por parte del Titular de sus contenidos o servicios. Aquellas personas que se propongan establecer un hiperenlace previamente deber\u00e1n solicitar autorizaci\u00f3n por escrito al Titular. En todo caso, el hiperenlace \u00fanicamente permitir\u00e1 el acceso a la p\u00e1gina de inicio de nuestro sitio web, asimismo deber\u00e1 abstenerse de realizar manifestaciones o indicaciones falsas, inexactas o incorrectas sobre el Titular, o incluir contenidos il\u00edcitos, contrarios a las buenas costumbres y al orden p\u00fablico.  <\/p>\n<p>El Titular no se responsabiliza del uso que cada usuario le d\u00e9 a los materiales puestos a disposici\u00f3n en este sitio web ni de las actuaciones que realice en base a los mismos. El contenido de la Web es de car\u00e1cter general y meramente informativo. <\/p>\n<p>El Titular no asumir\u00e1 responsabilidad por el contenido o funcionamiento de webs de terceros a los que el usuario de la Tienda pueda acceder mediante cualquier tipo de enlace.<\/p>\n<p>El Titular declina cualquier responsabilidad, hasta donde permita el ordenamiento jur\u00eddico, por los da\u00f1os y perjuicios derivados de la presencia de virus, de las actuaciones de terceros que vulneren derechos de propiedad, al honor, a la intimidad o sobre publicidad il\u00edcita.<\/p>\n<p>Si alg\u00fan usuario o tercero considera que en la Web se est\u00e1 cometiendo alg\u00fan il\u00edcito de cualquier tipo debe remitir una comunicaci\u00f3n al Titular a la direcci\u00f3n de email que aparece en nuestros datos identificativos. Deber\u00e1 identificarse debidamente especificando los hechos que denuncia. <\/p>\n<p>Privacidad.<\/p>\n<p>Si en la Web se recabaran datos personales, el Titular ser\u00e1 responsable de los mismos y los tratar\u00e1 con absoluta confidencialidad y seguridad. Podr\u00e1 encontrar m\u00e1s informaci\u00f3n sobre nuestra pol\u00edtica de privacidad y cookies en la p\u00e1gina espec\u00edfica de informaci\u00f3n sobre esta cuesti\u00f3n. <\/p>\n<p>Legislaci\u00f3n aplicable, soluci\u00f3n de cuestiones controvertidas y foro competente<\/p>\n<p>El uso de la Web se regir\u00e1 por la legislaci\u00f3n espa\u00f1ola. Cualquier controversia que surja o guarde relaci\u00f3n con el uso de la Web, ser\u00e1 sometido a la jurisdicci\u00f3n no exclusiva de los Juzgados y Tribunales del municipio donde radica el domicilio social del Titular, salvo que la normativa en vigor o el c\u00f3digo de conducta establezca foro distinto. <\/p>\n<p><b>POL\u00cdTICA DE PRIVACIDAD Y COOKIES<\/b><\/p>\n<p>Pol\u00edtica de privacidad y cookies.<\/p>\n<p>Tratamiento de datos de car\u00e1cter personal<\/p>\n<p><a href=\"https:\/\/fenekrally.com\/it\/\">fenekrally.com<\/a> (en adelante la web) es propiedad de Territori Travel, S.L. (en adelante el Titular) con domicilio en C\/ MOSSEN PERE FONT, 34.&nbsp;08394,&nbsp;SANT VICEN\u00c7 DE MONTALT,&nbsp;BARCELONA , con CIF\/NIF B66060476 tel\u00e9fono 670340807 y correo electr\u00f3nico <a href=\"mailto:info@fenekrally.com\">info@fenekrally.com<\/a><\/p>\n<p>En cumplimiento con lo dispuesto en la Ley Org\u00e1nica 15\/1999, de 13 de diciembre, de Protecci\u00f3n de Datos de Car\u00e1cter Personal (\u2018LOPD\u2019), le informamos de que los datos personales e informaci\u00f3n que nos facilite al cumplimentar cualquier formulario electr\u00f3nico disponible en la Web, ser\u00e1n incorporados en un fichero de datos de car\u00e1cter personal titularidad del Titular.<\/p>\n<p>Los datos obtenidos ser\u00e1n empleados para el cumplimiento de las finalidades siguientes: establecer una relaci\u00f3n de usuarios de la Web inscritos, con el objeto de mantener contacto comercial, as\u00ed como su gesti\u00f3n, y la realizaci\u00f3n de estad\u00edsticas y segmentaci\u00f3n. El usuario consiente expresamente la comunicaci\u00f3n o cesi\u00f3n de sus datos personales a los proveedores que intervienen en la oferta y prestaci\u00f3n de nuestros servicios, como por ejemplo proveedores, hosting o mensajer\u00eda, con el exclusivo fin de la correcta consecuci\u00f3n del servicio solicitado. <\/p>\n<p>El usuario inscrito podr\u00e1 recibir autom\u00e1ticamente publicaciones y comunicaciones comerciales de la Web, aceptando expresamente el usuario su consentimiento a tal fin. El usuario podr\u00e1 darse de baja de dichas comunicaciones comerciales peri\u00f3dicas en cualquier momento mediante remisi\u00f3n al correo electr\u00f3nico info@fenekrally.com indicando dicha intenci\u00f3n. <\/p>\n<p>El Titular es el responsable del fichero de forma individual y se compromete a no destinar los datos a una finalidad distinta para la cual fueron recogidos ni a ceder los mismos de forma ileg\u00edtima a terceros. Tambi\u00e9n se compromete a tratar sus datos confidencialmente y a aplicar las medidas de seguridad de \u00edndole t\u00e9cnica y\/u, organizativa necesarias para evitar su tratamiento o acceso no autorizado seg\u00fan establece la normativa vigente en materia de protecci\u00f3n de datos. <\/p>\n<p>Estos t\u00e9rminos y condiciones pueden ser modificados. 7 d\u00edas antes de su entrada en vigor, se comunicar\u00e1n al usuario esos cambios mediante correo electr\u00f3nico o aviso en nuestra web. <\/p>\n<p>Derechos ARCO<\/p>\n<p>El usuario podr\u00e1 ejercer gratuitamente sus derechos de Acceso, Rectificaci\u00f3n, Cancelaci\u00f3n y Oposici\u00f3n (\u2018Derechos ARCO\u2019) en los t\u00e9rminos legalmente previstos debiendo para ello dirigir correo electr\u00f3nico a la siguiente direcci\u00f3n: <a href=\"mailto:info@fenekrally.com\">info@fenekrally.com<\/a>, indicando en ambos casos su nombre y apellidos y adjuntando fotocopia de su DNI. Tambi\u00e9n puede dirigir carta escrita a nuestro domicilio informado anteriormente. <\/p>\n<p>Pol\u00edtica de uso de Cookies<\/p>\n<p>En cumplimiento de lo dispuesto en el art\u00edculo 22.2 LSSI, la Web \u00fanicamente utilizar\u00e1 dispositivos de almacenamiento y recuperaci\u00f3n de datos (\u2018Cookies\u2019) cuando el usuario haya dado su consentimiento para ello, de acuerdo con lo que se indica en la ventana emergente del navegador del usuario cuando accede por primera vez a la Web y en los dem\u00e1s t\u00e9rminos y condiciones siguientes que todo usuario debe conocer.<\/p>\n<p>Nuestra Pol\u00edtica de Cookies tiene como objetivo ayudar a comprender el uso que hacemos de las cookies, la finalidad de las cookies utilizadas, as\u00ed como las posibles opciones que el usuario dispone para gestionarlas. La pol\u00edtica publicada est\u00e1 sujeta a actualizaciones peri\u00f3dicas. <\/p>\n<p>Los usuarios pueden acceder a esta informaci\u00f3n en todo momento mediante el enlace \u201cPol\u00edtica de privacidad y Cookies\u201d habilitado en la web. Los usuarios pueden modificar las preferencias sobre la aceptaci\u00f3n de cookies a trav\u00e9s de las opciones de su navegador. En el apartado de \u201cModificar la configuraci\u00f3n de las cookies\u201d encontrar\u00e1 m\u00e1s informaci\u00f3n.  <\/p>\n<p>\u00bfQu\u00e9 opciones puedo tomar?<\/p>\n<p>Es posible realizar las siguientes acciones:<\/p>\n<p>Aceptar cookies: No se volver\u00e1 a visualizar el aviso al acceder a cualquier p\u00e1gina de la Tienda.<\/p>\n<p>No hacer nada: Se visualizar\u00e1 el aviso siempre al acceder a cualquier p\u00e1gina de la Web. Si contin\u00faa navegando, consideramos que acepta el uso de las cookies. <\/p>\n<p>Modificar la configuraci\u00f3n de las cookies: Podr\u00e1 borrar las cookies de la Web y modificar la configuraci\u00f3n de su navegaci\u00f3n. Pero esto no evitar\u00e1 que se visualice el aviso de las cookies al acceder de nuevo a la web. <\/p>\n<p>\u00bfQu\u00e9 es una cookie?<\/p>\n<p>Una \u201cCookie\u201d es un peque\u00f1o archivo de texto que un sitio web almacena en el navegador del usuario. Las cookies facilitan el uso y la navegaci\u00f3n por una p\u00e1gina web y son esenciales para el funcionamiento de internet, aportando innumerables ventajas en la prestaci\u00f3n de servicios interactivos. <\/p>\n<p>As\u00ed, por ejemplo, son utilizadas para gestionar la sesi\u00f3n del usuario (reduciendo el n\u00famero de veces que se debe introducir la clave), o para adaptar los contenido de la web a los sus preferencias, entre otras facilidades.<\/p>\n<p>M\u00e1s informaci\u00f3n en&nbsp;<a href=\"http:\/\/es.wikipedia.org\/wiki\/Cookie_%28inform%C3%A1tica%29\">http:\/\/es.wikipedia.org\/wiki\/Cookie_%28inform%C3%A1tica%29<\/a><\/p>\n<p>En la&nbsp;<a href=\"http:\/\/www.agpd.es\/portalwebAGPD\/canaldocumentacion\/publicaciones\/common\/Guias\/Guia_Cookies.pdf\">gu\u00eda sobre el uso de cookies de la Agencia de Protecci\u00f3n de Datos&nbsp;<\/a>se detallan los diferentes tipos de cookies.<\/p>\n<p>\u00bfQu\u00e9 tipos de cookies utilizamos?<\/p>\n<p>1.-&nbsp;En funci\u00f3n de qui\u00e9n las gestiona:<\/p>\n<p>Cookies propias: son las que se env\u00edan a su navegador desde nuestros equipos o dominios web y desde el que se presta el servicio solicitado.<\/p>\n<p>Cookies de terceros: son las que se env\u00edan a su navegador desde un equipo o dominio web que no gestionamos nosotros, sino una entidad colaboradora como pueda ser Google Analytics.<\/p>\n<p>2.-&nbsp;En funci\u00f3n del tiempo que est\u00e1n activas:<\/p>\n<p>Cookies de sesi\u00f3n: son las que permanecen en el archivo de cookies de su navegador hasta que abandona la p\u00e1gina web, de modo que ninguna queda en su dispositivo.<\/p>\n<p>Cookies persistentes: son las que permanecen en su dispositivo y nuestra web las lee cada vez que realiza una nueva visita. Estas cookies dejan de funcionar pasada una fecha concreta. <\/p>\n<p>3.-&nbsp;En funci\u00f3n de su finalidad:<\/p>\n<p>Cookies t\u00e9cnicas: son las que mejoran la navegaci\u00f3n y el buen funcionamiento de nuestra web. Cookies de personalizaci\u00f3n: son las que permiten acceder al servicio con unas caracter\u00edsticas predefinidas en funci\u00f3n de una serie de criterios. Sirven, por ejemplo, para elegir el idioma de la web.  <\/p>\n<p>Cookies de an\u00e1lisis: son las que permiten medir y analizar estad\u00edsticamente el uso que se hace del servicio prestado. Sirven por ejemplo para saber qui\u00e9n visita la web. <\/p>\n<p>Cookies que usamos:<\/p>\n<table width=\"1210\">\n<tbody>\n<tr>\n<td width=\"217\">Nombre<\/td>\n<td width=\"110\">Expiraci\u00f3n<\/td>\n<td width=\"302\">Finalidad<\/td>\n<\/tr>\n<tr>\n<td width=\"217\">uvc<\/td>\n<td width=\"110\">1 dia.<\/td>\n<td rowspan=\"5\" width=\"302\">Compartir los contenidos de la web en las redes sociales v\u00eda Addtoany y realizar la anal\u00edtica de la web con Google Analitics. Estas<br>cookies recopilan informaci\u00f3n sobre la actividad de los usuarios y no sobre su identificaci\u00f3n personal. Informaci\u00f3n sobre el origen de<br>las visitas, palabras claves, navegador utilizado, etc. _ga se usa para distinguir a los usuarios.   <\/td>\n<\/tr>\n<tr>\n<td width=\"217\">__utma<\/td>\n<td width=\"110\">2 a\u00f1os.<\/td>\n<\/tr>\n<tr>\n<td width=\"217\">__utmb<\/td>\n<td width=\"110\">30 minutos.<\/td>\n<\/tr>\n<tr>\n<td width=\"217\">__utmc<\/td>\n<td width=\"110\">Sesi\u00f3n<\/td>\n<\/tr>\n<tr>\n<td width=\"217\">\n<p>__utmz<\/p>\n<p>_ga<\/p>\n<p>_gat<\/p>\n<\/td>\n<td width=\"110\">\n<p>6 meses.<\/p>\n<p>2 a\u00f1os<\/p>\n<p>10 minutos<\/p>\n<\/td>\n<\/tr>\n<tr>\n<td width=\"217\">ipinfo<\/td>\n<td width=\"110\">6 meses.<\/td>\n<td rowspan=\"3\" width=\"302\">\n<p>Anal\u00edtica de publicidad con Media6degrees.<\/p>\n<p>Las cookies recogen informaci\u00f3n sobre los usuarios al utilizar el bot\u00f3n de redes sociales para compartir los contenidos de la web.<\/p>\n<\/td>\n<\/tr>\n<tr>\n<td width=\"217\">clid<\/td>\n<td width=\"110\">6 meses.<\/td>\n<\/tr>\n<tr>\n<td width=\"217\">acs<\/td>\n<td width=\"110\">6 meses.<\/td>\n<\/tr>\n<\/tbody>\n<\/table>\n<p>Terceros prestadores de servicios en nuestro dominio:<\/p>\n<p>Addtoany. Es un servicio proporcionado por addtonay.com y static.addtonay.com para que los usuarios puedan compartir informaci\u00f3n de webs de forma sencilla en las redes sociales. M\u00e1s informaci\u00f3n en  &nbsp;<a href=\"http:\/\/www.addtoany.com\/privacy\">http:\/\/www.addtoany.com\/privacy<\/a><\/p>\n<p>Google Analitics. Es una aplicaci\u00f3n de software de Google Inc. para la anal\u00edtica de webs. Las cookies utilizadas recopilan datos an\u00f3nimos sobre la navegaci\u00f3n de los usuarios por la web con la finalidad de conocer el origen de las visitas, el n\u00famero de veces que han visitado la web, las palabras claves utilizadas, y otros datos estad\u00edsticos. M\u00e1s informaci\u00f3n en   &nbsp;<a href=\"http:\/\/www.google.com\/analytics\/\">http:\/\/www.google.com\/analytics\/<\/a><\/p>\n<p>Media6degrees.Es una empresa proveedora de an\u00e1lisis de publicidad online mediante las redes sociales. Recopila informaci\u00f3n sobre la actividad de los usuarios en la web con fines publicitarios. M\u00e1s informaci\u00f3n en  &nbsp;<a href=\"http:\/\/media6degrees.com\/privacy.php\">http:\/\/media6degrees.com\/privacy.php<\/a><\/p>\n<p>Modificar la configuraci\u00f3n de las cookies.<\/p>\n<p>Usted puede restringir, bloquear o borrar las cookies de la Web configurando las preferencias de su navegador. As\u00ed mismo, puede activar la opci\u00f3n de navegaci\u00f3n privada por la que su navegador deja de almacenar el historial de navegaci\u00f3n, sus claves secretas, cookies y dem\u00e1s informaci\u00f3n de las p\u00e1ginas que visite. <\/p>\n<p>En cada navegador la configuraci\u00f3n de las cookies es diferente, la funci\u00f3n de \u201cAyuda\u201d le mostrar\u00e1 c\u00f3mo hacerlo, sin embargo le indicamos los enlaces<br>directos de los principales navegadores sobre el tema :<\/p>\n<p><a href=\"http:\/\/windows.microsoft.com\/es-xl\/internet-explorer\/delete-manage-cookies#ie=ie-10\">InternetExplorer<\/a><\/p>\n<p><a style=\"font-size: 16px; background-color: #ffffff;\" href=\"https:\/\/support.mozilla.org\/es\/kb\/Borrar%20cookies\">FireFox<\/a><\/p>\n<p><a href=\"https:\/\/support.google.com\/chrome\/answer\/95647?hl=es\">Chrome<\/a><\/p>\n<p><a href=\"https:\/\/support.apple.com\/es-es\/HT201265\">Safari<\/a><\/p>\n<p>Para terminar, tenga en cuenta que el bloqueo de cookies puede afectar a toda o alguna funcionalidad de la web.<\/p>\t\t\t\t\t\t\t\t<\/div>\n\t\t\t\t<\/div>\n\t\t\t\t<\/div>\n\t\t\t\t\t<\/div>\n\t\t\t\t<\/div>\n\t\t\t\t<\/div>\n\t\t","protected":false},"excerpt":{"rendered":"<p>Identificaci\u00f3n y contacto del propietario de la web. fenekrally.com (en adelante la web) es propiedad de Territori Travel, S.L. (en adelante el Titular) con domicilio en Calle Segura 12, 03004 Alicante, con CIF\/NIF B66060476 tel\u00e9fono 670340807 y correo electr\u00f3nico info@fenekrally.com \u00c1mbito de aplicaci\u00f3n La navegaci\u00f3n por el sitio web del Titular implica asumir la condici\u00f3n [&hellip;]<\/p>\n","protected":false},"author":5,"featured_media":0,"parent":0,"menu_order":0,"comment_status":"closed","ping_status":"closed","template":"elementor_header_footer","meta":{"footnotes":""},"class_list":["post-19413","page","type-page","status-publish","hentry"],"yoast_head":"<!-- This site is optimized with the Yoast SEO plugin v27.4 - https:\/\/yoast.com\/product\/yoast-seo-wordpress\/ -->\n<title>Avviso legale e politica sui cookie - FenekRally<\/title>\n<meta name=\"robots\" content=\"index, follow, max-snippet:-1, max-image-preview:large, max-video-preview:-1\" \/>\n<link rel=\"canonical\" href=\"https:\/\/fenekrally.com\/it\/avviso-legale-e-politica-sui-cookie\/\" \/>\n<meta property=\"og:locale\" content=\"it_IT\" \/>\n<meta property=\"og:type\" content=\"article\" \/>\n<meta property=\"og:title\" content=\"Avviso legale e politica sui cookie - FenekRally\" \/>\n<meta property=\"og:description\" content=\"Identificaci\u00f3n y contacto del propietario de la web. fenekrally.com (en adelante la web) es propiedad de Territori Travel, S.L. (en adelante el Titular) con domicilio en Calle Segura 12, 03004 Alicante, con CIF\/NIF B66060476 tel\u00e9fono 670340807 y correo electr\u00f3nico info@fenekrally.com \u00c1mbito de aplicaci\u00f3n La navegaci\u00f3n por el sitio web del Titular implica asumir la condici\u00f3n [&hellip;]\" \/>\n<meta property=\"og:url\" content=\"https:\/\/fenekrally.com\/it\/avviso-legale-e-politica-sui-cookie\/\" \/>\n<meta property=\"og:site_name\" content=\"FenekRally\" \/>\n<meta property=\"article:modified_time\" content=\"2025-12-08T21:05:34+00:00\" \/>\n<meta name=\"twitter:card\" content=\"summary_large_image\" \/>\n<meta name=\"twitter:label1\" content=\"Tempo di lettura stimato\" \/>\n\t<meta name=\"twitter:data1\" content=\"12 minuti\" \/>\n<script type=\"application\/ld+json\" class=\"yoast-schema-graph\">{\"@context\":\"https:\\\/\\\/schema.org\",\"@graph\":[{\"@type\":\"WebPage\",\"@id\":\"https:\\\/\\\/fenekrally.com\\\/it\\\/avviso-legale-e-politica-sui-cookie\\\/\",\"url\":\"https:\\\/\\\/fenekrally.com\\\/it\\\/avviso-legale-e-politica-sui-cookie\\\/\",\"name\":\"Avviso legale e politica sui cookie - FenekRally\",\"isPartOf\":{\"@id\":\"https:\\\/\\\/fenekrally.com\\\/it\\\/#website\"},\"datePublished\":\"2020-02-02T11:06:10+00:00\",\"dateModified\":\"2025-12-08T21:05:34+00:00\",\"inLanguage\":\"it-IT\",\"potentialAction\":[{\"@type\":\"ReadAction\",\"target\":[\"https:\\\/\\\/fenekrally.com\\\/it\\\/avviso-legale-e-politica-sui-cookie\\\/\"]}]},{\"@type\":\"WebSite\",\"@id\":\"https:\\\/\\\/fenekrally.com\\\/it\\\/#website\",\"url\":\"https:\\\/\\\/fenekrally.com\\\/it\\\/\",\"name\":\"FenekRally\",\"description\":\"Rally Raid in Morocco\",\"potentialAction\":[{\"@type\":\"SearchAction\",\"target\":{\"@type\":\"EntryPoint\",\"urlTemplate\":\"https:\\\/\\\/fenekrally.com\\\/it\\\/?s={search_term_string}\"},\"query-input\":{\"@type\":\"PropertyValueSpecification\",\"valueRequired\":true,\"valueName\":\"search_term_string\"}}],\"inLanguage\":\"it-IT\"}]}<\/script>\n<!-- \/ Yoast SEO plugin. -->","yoast_head_json":{"title":"Avviso legale e politica sui cookie - FenekRally","robots":{"index":"index","follow":"follow","max-snippet":"max-snippet:-1","max-image-preview":"max-image-preview:large","max-video-preview":"max-video-preview:-1"},"canonical":"https:\/\/fenekrally.com\/it\/avviso-legale-e-politica-sui-cookie\/","og_locale":"it_IT","og_type":"article","og_title":"Avviso legale e politica sui cookie - FenekRally","og_description":"Identificaci\u00f3n y contacto del propietario de la web. fenekrally.com (en adelante la web) es propiedad de Territori Travel, S.L. (en adelante el Titular) con domicilio en Calle Segura 12, 03004 Alicante, con CIF\/NIF B66060476 tel\u00e9fono 670340807 y correo electr\u00f3nico info@fenekrally.com \u00c1mbito de aplicaci\u00f3n La navegaci\u00f3n por el sitio web del Titular implica asumir la condici\u00f3n [&hellip;]","og_url":"https:\/\/fenekrally.com\/it\/avviso-legale-e-politica-sui-cookie\/","og_site_name":"FenekRally","article_modified_time":"2025-12-08T21:05:34+00:00","twitter_card":"summary_large_image","twitter_misc":{"Tempo di lettura stimato":"12 minuti"},"schema":{"@context":"https:\/\/schema.org","@graph":[{"@type":"WebPage","@id":"https:\/\/fenekrally.com\/it\/avviso-legale-e-politica-sui-cookie\/","url":"https:\/\/fenekrally.com\/it\/avviso-legale-e-politica-sui-cookie\/","name":"Avviso legale e politica sui cookie - FenekRally","isPartOf":{"@id":"https:\/\/fenekrally.com\/it\/#website"},"datePublished":"2020-02-02T11:06:10+00:00","dateModified":"2025-12-08T21:05:34+00:00","inLanguage":"it-IT","potentialAction":[{"@type":"ReadAction","target":["https:\/\/fenekrally.com\/it\/avviso-legale-e-politica-sui-cookie\/"]}]},{"@type":"WebSite","@id":"https:\/\/fenekrally.com\/it\/#website","url":"https:\/\/fenekrally.com\/it\/","name":"FenekRally","description":"Rally Raid in Morocco","potentialAction":[{"@type":"SearchAction","target":{"@type":"EntryPoint","urlTemplate":"https:\/\/fenekrally.com\/it\/?s={search_term_string}"},"query-input":{"@type":"PropertyValueSpecification","valueRequired":true,"valueName":"search_term_string"}}],"inLanguage":"it-IT"}]}},"_links":{"self":[{"href":"https:\/\/fenekrally.com\/it\/wp-json\/wp\/v2\/pages\/19413","targetHints":{"allow":["GET"]}}],"collection":[{"href":"https:\/\/fenekrally.com\/it\/wp-json\/wp\/v2\/pages"}],"about":[{"href":"https:\/\/fenekrally.com\/it\/wp-json\/wp\/v2\/types\/page"}],"author":[{"embeddable":true,"href":"https:\/\/fenekrally.com\/it\/wp-json\/wp\/v2\/users\/5"}],"replies":[{"embeddable":true,"href":"https:\/\/fenekrally.com\/it\/wp-json\/wp\/v2\/comments?post=19413"}],"version-history":[{"count":2,"href":"https:\/\/fenekrally.com\/it\/wp-json\/wp\/v2\/pages\/19413\/revisions"}],"predecessor-version":[{"id":21892,"href":"https:\/\/fenekrally.com\/it\/wp-json\/wp\/v2\/pages\/19413\/revisions\/21892"}],"wp:attachment":[{"href":"https:\/\/fenekrally.com\/it\/wp-json\/wp\/v2\/media?parent=19413"}],"curies":[{"name":"wp","href":"https:\/\/api.w.org\/{rel}","templated":true}]}}